{"id":123,"date":"2016-05-16T14:56:51","date_gmt":"2016-05-16T14:56:51","guid":{"rendered":"http:\/\/calltracker.pl\/blog\/?page_id=123"},"modified":"2026-03-10T20:16:19","modified_gmt":"2026-03-10T20:16:19","slug":"polityka-prywatnosci","status":"publish","type":"page","link":"https:\/\/calltracker.pl\/blog\/polityka-prywatnosci\/","title":{"rendered":"Polityka prywatno\u015bci"},"content":{"rendered":"<p style=\"text-align: center;\">Obowi\u0105zuje od 25 maja 2018 roku<\/p>\n<p>Niniejszy dokument okre\u015bla zasady przetwarzania i ochrony danych osobowych przekazanych przez U\u017cytkownik\u00f3w w zwi\u0105zku z korzystaniem z serwis\u00f3w internetowych udost\u0119pnianych przez firm\u0119 EXCELEAD S.A. w likwidacji.<\/p>\n<p>1. Administratorem danych osobowych jest EXCELEAD S.A. w likwidacji z siedzib\u0105 przy Al. Jana Paw\u0142a II 61\/211, 01-031 Warszawa, NIP: 521 363 24 36, Regon: 146169987, KRS: 0000424058 (S\u0105d Rejonowy dla M. St. Warszawy w Warszawie, XII Wydzia\u0142 Gospodarczy KRS), wysoko\u015b\u0107 Kapita\u0142u Zak\u0142adowego 323 200 PLN, op\u0142acony w ca\u0142o\u015bci.<br \/>\n2. Za U\u017cytkownika uznaje si\u0119 osob\u0119, kt\u00f3ra zarejestrowa\u0142a si\u0119 w Serwisie i wyrazi\u0142a akceptacj\u0119 Regulaminu.<br \/>\n3. W ramach \u015bwiadczenia us\u0142ugi Calltracker Administrator danych przetwarza informacje dotycz\u0105ce U\u017cytkownik\u00f3w, w tym informacje maj\u0105ce charakter danych osobowych, z zachowaniem obowi\u0105zuj\u0105cych w tym zakresie przepis\u00f3w prawa i przy zastosowaniu wymaganych prawem zabezpiecze\u0144.<br \/>\n4. Administrator wyr\u00f3\u017cnia nast\u0119puj\u0105ce rodzaje danych:<br \/>\n1) Dane osobowe, dobrowolnie dostarczane przez u\u017cytkownik\u00f3w, niezb\u0119dne do rejestracji w Us\u0142udze, korzystania z niej oraz kontaktu z U\u017cytkownikiem, takie jak imi\u0119, nazwisko, adres e-mail, numer telefonu, nazwa reprezentowanej firmy, adres siedziby, numer NIP, nazw\u0119 domeny.<br \/>\n2) Dane dotycz\u0105ce aktywno\u015bci u\u017cytkownik\u00f3w na stronie www.calltracker.pl wraz z plikami cookies. Ciasteczka s\u0142u\u017c\u0105 identyfikacji przegl\u0105darki, by zapewni\u0107 optymaln\u0105 nawigacj\u0119 po udost\u0119pnianych zasobach. Nie zawieraj\u0105 \u017cadnych danych osobowych. Zawieraj\u0105 natomiast dane informatyczne mi\u0119dzy innymi informacje o u\u017cywanych przez u\u017cytkownik\u00f3w typach system\u00f3w operacyjnych, typach przegl\u0105darki, adresach IP, nazwie domeny, \u017ar\u00f3d\u0142ach odwiedzin i czasie sp\u0119dzonym w witrynie. Dane te mog\u0105 by\u0107 wykorzystywane do mierzenia sposobu korzystania przez u\u017cytkownik\u00f3w z witryny i rozwijania poziomu jej u\u017cyteczno\u015bci.<br \/>\n3) Dane, w tym dane osobowe pozyskane w wyniku \u015bwiadczenia us\u0142ugi Calltracker na rzecz U\u017cytkownik\u00f3w w stosunku, do kt\u00f3rych Excelead pe\u0142ni rol\u0119 Procesora. Na podstawie odr\u0119bnych um\u00f3w U\u017cytkownik r\u00f3wnie\u017c mo\u017ce by\u0107 Procesorem takich danych (np. agencja marketingowa).<br \/>\n5. Przegl\u0105danie strony nie wymaga udost\u0119pniania danych osobowych.<br \/>\n6. Aby uzyska\u0107 dost\u0119p do Us\u0142ug oferowanych przez Serwis, nale\u017cy dokona\u0107 procesu rejestracji, kt\u00f3ry wymaga podania danych osobowych.<br \/>\n7. Dane osobowe przetwarzane s\u0105 na podstawie wykonywania umowy lub dzia\u0142a\u0144 maj\u0105cych na celu jej zawarcie oraz na podstawie zgody udzielonej przez U\u017cytkownika.<br \/>\n8. Dane osobowe przetwarzane s\u0105 w celach:<br \/>\n1) funkcjonowania serwisu i \u015bwiadczenia us\u0142ug;<br \/>\n2) dokonywania pomiar\u00f3w i udoskonalania w\u0142asnych us\u0142ug;<br \/>\n3) identyfikacji u\u017cytkownika w sprawach: roszcze\u0144, pr\u00f3\u015bb, reklamacji;<br \/>\n4) dostosowania serwisu do potrzeb u\u017cytkownika;<br \/>\n5) informacyjnych zawieraj\u0105cych komunikaty, wiadomo\u015bci i informacje z serwisu;<br \/>\n6) wskazanych w stosownych zgodach.<br \/>\n9. Administrator w celu wykonania umowy mo\u017ce kontaktowa\u0107 si\u0119 z U\u017cytkownikiem za pomoc\u0105 telefonu, poczty e-mail oraz tradycyjnej korespondencji pocztowej.<br \/>\n10. Dane s\u0105 przechowywane i przetwarzane w spos\u00f3b zgodny z wymogami polskiego prawa oraz Rozporz\u0105dzenia Parlamentu Europejskiego i Rady (UE) nr 2016\/679 z dnia 27 kwietnia 2016 r. w sprawie ochrony os\u00f3b fizycznych w zwi\u0105zku z przetwarzaniem danych osobowych i w sprawie swobodnego przep\u0142ywu takich danych oraz uchylenia dyrektywy 95\/46\/WE (og\u00f3lne rozporz\u0105dzenie o ochronie danych osobowych) (Dz. Urz. UE L119 z 4.05.2016).<br \/>\n11. Dane U\u017cytkownika b\u0119d\u0105 przechowywane przez okres korzystania z Us\u0142ugi. Nast\u0119pnie zostan\u0105 usuni\u0119te przez Administratora albo poddane anonimizacji.<br \/>\n12. Administrator mo\u017ce odm\u00f3wi\u0107 usuni\u0119cia Danych Osobowych, je\u017celi U\u017cytkownik nie uregulowa\u0142 wszystkich nale\u017cno\u015bci lub naruszy\u0142 regulamin Serwisu lub obowi\u0105zuj\u0105ce przepisy prawa i zachowanie Danych Osobowych jest niezb\u0119dne do wyja\u015bnienia tych okoliczno\u015bci.<br \/>\n13. Administrator nie przekazuje danych osobowych podmiotom trzecim, jednak w przypadku naruszenia Regulaminu, obowi\u0105zuj\u0105cego prawa, lub gdy b\u0119d\u0105 wymaga\u0142y tego przepisy prawa, mo\u017ce udost\u0119pni\u0107 dane organom wymiaru sprawiedliwo\u015bci lub innym uprawnionym podmiotom na ich wniosek.<br \/>\n14. Administrator mo\u017ce powierza\u0107 przetwarzanie danych osobowych podmiotom z nim wsp\u00f3\u0142pracuj\u0105cym w zakresie utrzymania serwisu, obs\u0142ugi telekomunikacyjnej i informatycznej. Podmioty takie b\u0119d\u0105 spe\u0142nia\u0142y wymagania przepis\u00f3w prawa w zakresie ochrony danych osobowych. Powierzenie przetwarzania danych b\u0119dzie si\u0119 odbywa\u0142o na podstawie odpowiednich um\u00f3w.<br \/>\n15. Ka\u017cdy U\u017cytkownik w stosunku do swoich danych ma wszelkie uprawnienia wynikaj\u0105ce z przepis\u00f3w prawa. W szczeg\u00f3lno\u015bci ma prawo dost\u0119pu do tre\u015bci swoich danych osobowych, prawo ich poprawiania, uzupe\u0142niania oraz prawo \u017c\u0105dania zaprzestania przetwarzania danych i ich usuni\u0119cia. Wnioski w tym zakresie nale\u017cy kierowa\u0107 do Administratora w formie mailowej (kontakt@calltracker.pl) lub pisemnie. \u017b\u0105danie usuni\u0119cia danych b\u0119dzie wi\u0105za\u0142o si\u0119 z brakiem mo\u017cliwo\u015bci korzystania z funkcjonalno\u015bci Serwisu.<br \/>\n16. Strona calltracker.pl korzysta z plik\u00f3w cookies podmiot\u00f3w trzecich takich jak:<br \/>\n1) Google Analytics &#8211; wi\u0119cej informacji mo\u017cna znale\u017a\u0107 na stronie: <a href=\"https:\/\/policies.google.com\/privacy?hl=pl\" target=\"_blank\" rel=\"noopener noreferrer\">https:\/\/policies.google.com\/privacy?hl=pl<\/a><br \/>\n2) Facebook &#8211; wi\u0119cej informacji mo\u017cna znale\u017a\u0107 na stronie: <a href=\"https:\/\/pl-pl.facebook.com\/privacy\/explanation\" target=\"_blank\" rel=\"noopener noreferrer\">https:\/\/pl-pl.facebook.com\/privacy\/explanation<\/a><br \/>\n3) Salesmanago &#8211; wi\u0119cej informacji mo\u017cna znale\u017a\u0107 na stronie: <a href=\"http:\/\/pomoc.salesmanago.pl\/ochrona-danych-osobowych\/\" target=\"_blank\" rel=\"noopener noreferrer\">http:\/\/pomoc.salesmanago.pl\/ochrona-danych-osobowych\/<\/a><br \/>\n4) Stosujemy us\u0142ug\u0119 reCAPTCHAv3, kt\u00f3ra podlega polityce prywatno\u015bci Google wskazanej na stronie <a href=\"https:\/\/policies.google.com\/privacy\" target=\"_blank\" rel=\"noopener noreferrer\">https:\/\/policies.google.com\/privacy<\/a><br \/>\n17. Administrator w trakcie realizacji p\u0142atno\u015bci opiera si\u0119 podmiotach po\u015brednicz\u0105cych (dotpay.pl paypal.pl) przez co nie zbiera i nie przechowuje wra\u017cliwych danych zwi\u0105zanych z realizacj\u0105 procesu p\u0142atno\u015bci np. informacji o karcie kredytowej.<br \/>\n18. Administrator zastrzega sobie prawo do wprowadzenia zmian w niniejszej Polityce prywatno\u015bci.<\/p>\n","protected":false},"excerpt":{"rendered":"Obowi\u0105zuje od 25 maja 2018 roku Niniejszy dokument okre\u015bla zasady przetwarzania i ochrony danych osobowych przekazanych przez U\u017cytkownik\u00f3w w zwi\u0105zku z korzystaniem z serwis\u00f3w internetowych udost\u0119pnianych przez firm\u0119 EXCELEAD S.A. w likwidacji. 1. Administratorem danych osobowych jest EXCELEAD S.A. w likwidacji z siedzib\u0105 przy Al. Jana Paw\u0142a II 61\/211, 01-031 Warszawa, NIP: 521 363 24&#8230;","protected":false},"author":1,"featured_media":0,"parent":0,"menu_order":0,"comment_status":"closed","ping_status":"closed","template":"","meta":{"footnotes":""},"class_list":["post-123","page","type-page","status-publish","hentry"],"yoast_head":"<!-- This site is optimized with the Yoast SEO plugin v26.0 - https:\/\/yoast.com\/wordpress\/plugins\/seo\/ -->\n<title>Polityka prywatno\u015bci - Calltracker<\/title>\n<meta name=\"robots\" content=\"index, follow, max-snippet:-1, max-image-preview:large, max-video-preview:-1\" \/>\n<link rel=\"canonical\" href=\"https:\/\/calltracker.pl\/blog\/polityka-prywatnosci\/\" \/>\n<meta property=\"og:locale\" content=\"pl_PL\" \/>\n<meta property=\"og:type\" content=\"article\" \/>\n<meta property=\"og:title\" content=\"Polityka prywatno\u015bci - Calltracker\" \/>\n<meta property=\"og:description\" content=\"Obowi\u0105zuje od 25 maja 2018 roku Niniejszy dokument okre\u015bla zasady przetwarzania i ochrony danych osobowych przekazanych przez U\u017cytkownik\u00f3w w zwi\u0105zku z korzystaniem z serwis\u00f3w internetowych udost\u0119pnianych przez firm\u0119 EXCELEAD S.A. w likwidacji. 1. Administratorem danych osobowych jest EXCELEAD S.A. w likwidacji z siedzib\u0105 przy Al. Jana Paw\u0142a II 61\/211, 01-031 Warszawa, NIP: 521 363 24...\" \/>\n<meta property=\"og:url\" content=\"https:\/\/calltracker.pl\/blog\/polityka-prywatnosci\/\" \/>\n<meta property=\"og:site_name\" content=\"Calltracker\" \/>\n<meta property=\"article:publisher\" content=\"https:\/\/www.facebook.com\/Calltrackerpl\/\" \/>\n<meta property=\"article:modified_time\" content=\"2026-03-10T20:16:19+00:00\" \/>\n<meta name=\"twitter:card\" content=\"summary_large_image\" \/>\n<meta name=\"twitter:label1\" content=\"Szacowany czas czytania\" \/>\n\t<meta name=\"twitter:data1\" content=\"5 minut\" \/>\n<script type=\"application\/ld+json\" class=\"yoast-schema-graph\">{\"@context\":\"https:\/\/schema.org\",\"@graph\":[{\"@type\":\"WebPage\",\"@id\":\"https:\/\/calltracker.pl\/blog\/polityka-prywatnosci\/\",\"url\":\"https:\/\/calltracker.pl\/blog\/polityka-prywatnosci\/\",\"name\":\"Polityka prywatno\u015bci - Calltracker\",\"isPartOf\":{\"@id\":\"https:\/\/calltracker.pl\/blog\/#website\"},\"datePublished\":\"2016-05-16T14:56:51+00:00\",\"dateModified\":\"2026-03-10T20:16:19+00:00\",\"breadcrumb\":{\"@id\":\"https:\/\/calltracker.pl\/blog\/polityka-prywatnosci\/#breadcrumb\"},\"inLanguage\":\"pl-PL\",\"potentialAction\":[{\"@type\":\"ReadAction\",\"target\":[\"https:\/\/calltracker.pl\/blog\/polityka-prywatnosci\/\"]}]},{\"@type\":\"BreadcrumbList\",\"@id\":\"https:\/\/calltracker.pl\/blog\/polityka-prywatnosci\/#breadcrumb\",\"itemListElement\":[{\"@type\":\"ListItem\",\"position\":1,\"name\":\"Home\",\"item\":\"https:\/\/calltracker.pl\/blog\/\"},{\"@type\":\"ListItem\",\"position\":2,\"name\":\"Polityka prywatno\u015bci\"}]},{\"@type\":\"WebSite\",\"@id\":\"https:\/\/calltracker.pl\/blog\/#website\",\"url\":\"https:\/\/calltracker.pl\/blog\/\",\"name\":\"Calltracker\",\"description\":\"Mierzymy skuteczno\u015b\u0107 reklamy i dzia\u0142a\u0144 marketingowych - sprawd\u017a nasze pomys\u0142y na zwi\u0119kszenie sprzeda\u017cy\",\"potentialAction\":[{\"@type\":\"SearchAction\",\"target\":{\"@type\":\"EntryPoint\",\"urlTemplate\":\"https:\/\/calltracker.pl\/blog\/?s={search_term_string}\"},\"query-input\":{\"@type\":\"PropertyValueSpecification\",\"valueRequired\":true,\"valueName\":\"search_term_string\"}}],\"inLanguage\":\"pl-PL\"}]}<\/script>\n<!-- \/ Yoast SEO plugin. -->","yoast_head_json":{"title":"Polityka prywatno\u015bci - Calltracker","robots":{"index":"index","follow":"follow","max-snippet":"max-snippet:-1","max-image-preview":"max-image-preview:large","max-video-preview":"max-video-preview:-1"},"canonical":"https:\/\/calltracker.pl\/blog\/polityka-prywatnosci\/","og_locale":"pl_PL","og_type":"article","og_title":"Polityka prywatno\u015bci - Calltracker","og_description":"Obowi\u0105zuje od 25 maja 2018 roku Niniejszy dokument okre\u015bla zasady przetwarzania i ochrony danych osobowych przekazanych przez U\u017cytkownik\u00f3w w zwi\u0105zku z korzystaniem z serwis\u00f3w internetowych udost\u0119pnianych przez firm\u0119 EXCELEAD S.A. w likwidacji. 1. Administratorem danych osobowych jest EXCELEAD S.A. w likwidacji z siedzib\u0105 przy Al. Jana Paw\u0142a II 61\/211, 01-031 Warszawa, NIP: 521 363 24...","og_url":"https:\/\/calltracker.pl\/blog\/polityka-prywatnosci\/","og_site_name":"Calltracker","article_publisher":"https:\/\/www.facebook.com\/Calltrackerpl\/","article_modified_time":"2026-03-10T20:16:19+00:00","twitter_card":"summary_large_image","twitter_misc":{"Szacowany czas czytania":"5 minut"},"schema":{"@context":"https:\/\/schema.org","@graph":[{"@type":"WebPage","@id":"https:\/\/calltracker.pl\/blog\/polityka-prywatnosci\/","url":"https:\/\/calltracker.pl\/blog\/polityka-prywatnosci\/","name":"Polityka prywatno\u015bci - Calltracker","isPartOf":{"@id":"https:\/\/calltracker.pl\/blog\/#website"},"datePublished":"2016-05-16T14:56:51+00:00","dateModified":"2026-03-10T20:16:19+00:00","breadcrumb":{"@id":"https:\/\/calltracker.pl\/blog\/polityka-prywatnosci\/#breadcrumb"},"inLanguage":"pl-PL","potentialAction":[{"@type":"ReadAction","target":["https:\/\/calltracker.pl\/blog\/polityka-prywatnosci\/"]}]},{"@type":"BreadcrumbList","@id":"https:\/\/calltracker.pl\/blog\/polityka-prywatnosci\/#breadcrumb","itemListElement":[{"@type":"ListItem","position":1,"name":"Home","item":"https:\/\/calltracker.pl\/blog\/"},{"@type":"ListItem","position":2,"name":"Polityka prywatno\u015bci"}]},{"@type":"WebSite","@id":"https:\/\/calltracker.pl\/blog\/#website","url":"https:\/\/calltracker.pl\/blog\/","name":"Calltracker","description":"Mierzymy skuteczno\u015b\u0107 reklamy i dzia\u0142a\u0144 marketingowych - sprawd\u017a nasze pomys\u0142y na zwi\u0119kszenie sprzeda\u017cy","potentialAction":[{"@type":"SearchAction","target":{"@type":"EntryPoint","urlTemplate":"https:\/\/calltracker.pl\/blog\/?s={search_term_string}"},"query-input":{"@type":"PropertyValueSpecification","valueRequired":true,"valueName":"search_term_string"}}],"inLanguage":"pl-PL"}]}},"_links":{"self":[{"href":"https:\/\/calltracker.pl\/blog\/wp-json\/wp\/v2\/pages\/123","targetHints":{"allow":["GET"]}}],"collection":[{"href":"https:\/\/calltracker.pl\/blog\/wp-json\/wp\/v2\/pages"}],"about":[{"href":"https:\/\/calltracker.pl\/blog\/wp-json\/wp\/v2\/types\/page"}],"author":[{"embeddable":true,"href":"https:\/\/calltracker.pl\/blog\/wp-json\/wp\/v2\/users\/1"}],"replies":[{"embeddable":true,"href":"https:\/\/calltracker.pl\/blog\/wp-json\/wp\/v2\/comments?post=123"}],"version-history":[{"count":9,"href":"https:\/\/calltracker.pl\/blog\/wp-json\/wp\/v2\/pages\/123\/revisions"}],"predecessor-version":[{"id":544,"href":"https:\/\/calltracker.pl\/blog\/wp-json\/wp\/v2\/pages\/123\/revisions\/544"}],"wp:attachment":[{"href":"https:\/\/calltracker.pl\/blog\/wp-json\/wp\/v2\/media?parent=123"}],"curies":[{"name":"wp","href":"https:\/\/api.w.org\/{rel}","templated":true}]}}